{"id":7,"date":"2013-12-30T16:41:13","date_gmt":"2013-12-30T16:41:13","guid":{"rendered":"http:\/\/hotel-engel-niedernhausen.de\/hen\/?page_id=7"},"modified":"2022-06-24T19:55:27","modified_gmt":"2022-06-24T19:55:27","slug":"willkommen","status":"publish","type":"page","link":"http:\/\/hotel-engel-niedernhausen.de\/","title":{"rendered":"Herzlich Willkommen"},"content":{"rendered":"<p style=\"text-align: center;\"><em>Unser Hotel besteht schon seit mehr als 60 Jahren in Niedernhausen.<br \/>\n\u00c4u\u00dferst g\u00fcnstig zu den wichtigsten Verkehrsanbindungen gelegen, bietet unser famili\u00e4r gef\u00fchrtes Haus f\u00fcr jeden Anlass den passenden Rahmen. <\/em><a href=\"http:\/\/hotel-engel-niedernhausen.de\/wp-content\/uploads\/2013\/12\/Ausblick.jpg\"><img loading=\"lazy\" class=\"alignnone wp-image-199 \" src=\"http:\/\/hotel-engel-niedernhausen.de\/wp-content\/uploads\/2013\/12\/Ausblick-300x52.jpg\" alt=\"\" width=\"580\" height=\"119\" \/><\/a><em>Niedernhausen im Taunus ist eine Gemeinde mit rund 15.000 Einwohnern. Der fu\u00dfl\u00e4ufig erreichbare Bahnhof bietet eine direkte Anbindung in die Richtungen Frankfurt \u2013 Wiesbaden &#8211; Limburg. In wenigen Minuten erreicht man den Autobahnanschluss zur A 3 Richtung Frankfurt (ca. 25 Min.) &#8211; Wiesbaden (ca. 15 Min.)\u00a0 sowie zum Flughafen Frankfurt Rhein-Main (nur 3 Autobahnabfahrten ca. 20 Min.).<\/em><\/p>\n<p style=\"text-align: center;\"><em><span style=\"color: #333333;\">Wir hoffen, Sie bald als Gast in unserem Hotel und Restaurant begr\u00fc\u00dfen zu d\u00fcrfen.<\/span><\/em><\/p>\n","protected":false},"excerpt":{"rendered":"<p>Unser Hotel besteht schon seit mehr als 60 Jahren in Niedernhausen. \u00c4u\u00dferst g\u00fcnstig zu den wichtigsten Verkehrsanbindungen gelegen, bietet unser famili\u00e4r gef\u00fchrtes Haus f\u00fcr jeden Anlass den passenden Rahmen. Niedernhausen im Taunus ist eine Gemeinde mit rund 15.000 Einwohnern. Der &hellip; <a href=\"http:\/\/hotel-engel-niedernhausen.de\/\">Weiterlesen <span class=\"meta-nav\">&rarr;<\/span><\/a><\/p>\n","protected":false},"author":1,"featured_media":0,"parent":0,"menu_order":0,"comment_status":"closed","ping_status":"open","template":"","meta":[],"_links":{"self":[{"href":"http:\/\/hotel-engel-niedernhausen.de\/index.php?rest_route=\/wp\/v2\/pages\/7"}],"collection":[{"href":"http:\/\/hotel-engel-niedernhausen.de\/index.php?rest_route=\/wp\/v2\/pages"}],"about":[{"href":"http:\/\/hotel-engel-niedernhausen.de\/index.php?rest_route=\/wp\/v2\/types\/page"}],"author":[{"embeddable":true,"href":"http:\/\/hotel-engel-niedernhausen.de\/index.php?rest_route=\/wp\/v2\/users\/1"}],"replies":[{"embeddable":true,"href":"http:\/\/hotel-engel-niedernhausen.de\/index.php?rest_route=%2Fwp%2Fv2%2Fcomments&post=7"}],"version-history":[{"count":16,"href":"http:\/\/hotel-engel-niedernhausen.de\/index.php?rest_route=\/wp\/v2\/pages\/7\/revisions"}],"predecessor-version":[{"id":307,"href":"http:\/\/hotel-engel-niedernhausen.de\/index.php?rest_route=\/wp\/v2\/pages\/7\/revisions\/307"}],"wp:attachment":[{"href":"http:\/\/hotel-engel-niedernhausen.de\/index.php?rest_route=%2Fwp%2Fv2%2Fmedia&parent=7"}],"curies":[{"name":"wp","href":"https:\/\/api.w.org\/{rel}","templated":true}]}}